{"id":863,"date":"2024-12-06T00:28:19","date_gmt":"2024-12-06T00:28:19","guid":{"rendered":"https:\/\/totemstudiowarsaw.com\/?post_type=product&#038;p=863"},"modified":"2025-02-12T14:28:56","modified_gmt":"2025-02-12T14:28:56","slug":"totem-voucher-dosko-prezent","status":"publish","type":"product","link":"https:\/\/totemstudiowarsaw.com\/index.php\/produkt\/totem-voucher-dosko-prezent\/","title":{"rendered":"TOTEM VOUCHER &#8211; dosko prezent"},"content":{"rendered":"<p><strong>Voucher Totemowy mo\u017cesz otrzyma\u0107 w eleganckim pude\u0142eczku lub w wersji online do samodzielnego wydrukowania. <\/strong>W uwagach do zam\u00f3wienia napisz kt\u00f3r\u0105 form\u0119 dostarczenia wolisz \ud83d\ude42<\/p>\n<p>Zdj\u0119cie jest pogl\u0105dowe &#8211; kolory pude\u0142ka i samego voucheru mog\u0105 si\u0119 r\u00f3\u017cni\u0107. To moja radosna tw\u00f3rczo\u015b\u0107, ka\u017cdy voucher wykonuj\u0119 r\u0119cznie i indywidualnie, wi\u0119c je\u015bli zale\u017cy Ci na szczeg\u00f3lnym kolorze, napisz do mnie \ud83d\ude42<\/p>\n","protected":false},"excerpt":{"rendered":"<p>Voucher Totemowy mo\u017cesz otrzyma\u0107 w eleganckim pude\u0142eczku lub w wersji online do samodzielnego wydrukowania. W uwagach do zam\u00f3wienia napisz kt\u00f3r\u0105 form\u0119 dostarczenia wolisz \ud83d\ude42 Zdj\u0119cie jest pogl\u0105dowe &#8211; kolory pude\u0142ka i samego voucheru mog\u0105 si\u0119 r\u00f3\u017cni\u0107. To moja radosna tw\u00f3rczo\u015b\u0107, ka\u017cdy voucher wykonuj\u0119 r\u0119cznie i indywidualnie, wi\u0119c je\u015bli zale\u017cy Ci na szczeg\u00f3lnym kolorze, napisz do [&hellip;]<\/p>\n","protected":false},"featured_media":865,"template":"","meta":{"inline_featured_image":false},"product_cat":[15],"product_tag":[],"class_list":["post-863","product","type-product","status-publish","has-post-thumbnail","hentry","product_cat-deco"],"_links":{"self":[{"href":"https:\/\/totemstudiowarsaw.com\/index.php\/wp-json\/wp\/v2\/product\/863","targetHints":{"allow":["GET"]}}],"collection":[{"href":"https:\/\/totemstudiowarsaw.com\/index.php\/wp-json\/wp\/v2\/product"}],"about":[{"href":"https:\/\/totemstudiowarsaw.com\/index.php\/wp-json\/wp\/v2\/types\/product"}],"wp:featuredmedia":[{"embeddable":true,"href":"https:\/\/totemstudiowarsaw.com\/index.php\/wp-json\/wp\/v2\/media\/865"}],"wp:attachment":[{"href":"https:\/\/totemstudiowarsaw.com\/index.php\/wp-json\/wp\/v2\/media?parent=863"}],"wp:term":[{"taxonomy":"product_cat","embeddable":true,"href":"https:\/\/totemstudiowarsaw.com\/index.php\/wp-json\/wp\/v2\/product_cat?post=863"},{"taxonomy":"product_tag","embeddable":true,"href":"https:\/\/totemstudiowarsaw.com\/index.php\/wp-json\/wp\/v2\/product_tag?post=863"}],"curies":[{"name":"wp","href":"https:\/\/api.w.org\/{rel}","templated":true}]}}