{"id":818,"date":"2024-10-15T09:08:41","date_gmt":"2024-10-15T09:08:41","guid":{"rendered":"https:\/\/totemstudiowarsaw.com\/?post_type=product&#038;p=818"},"modified":"2025-08-27T12:42:19","modified_gmt":"2025-08-27T12:42:19","slug":"totem-agat-optimism","status":"publish","type":"product","link":"https:\/\/totemstudiowarsaw.com\/index.php\/produkt\/totem-agat-optimism\/","title":{"rendered":"Totem AGAT OPTIMISM [edycja 5+2AP]"},"content":{"rendered":"<p><strong>Totem to rze\u017aba domowa i kolekcjonerski obiekt do wn\u0119trz<\/strong><\/p>\n<p><strong>INTENCJA<\/strong><br \/>\nTen Totem nosi intencj\u0119 MY OPTIMISM CARVED IN PINK. Znajduje si\u0119 ona na spodzie Totemu, nie jest dost\u0119pna dla postronnych oczu \ud83d\ude09<\/p>\n<p><strong>CERTYFIKAT AUTENTYCZNO\u015aCI<\/strong><br \/>\nDo ka\u017cdego Totemu do\u0142\u0105czony jest podstemplowany certyfikat autentyczno\u015bci z wpisan\u0105 intencj\u0105 dedykowan\u0105 obiektowi.<\/p>\n<p><strong>TROSKA O TOTEM<\/strong><br \/>\nTotem nie lubi ekspozycji na wilgo\u0107 i promienie s\u0142oneczne. Mimo, \u017ce wygl\u0105dem zach\u0119ca, nie jest zabawk\u0105.<\/p>\n<p><strong>Ka\u017cdy Totem jest unikatowy, w szczeg\u00f3\u0142ach mo\u017ce r\u00f3\u017cni\u0107 si\u0119 od tego prezentowanego na zdj\u0119ciach. To dlatego, \u017ce powstaje z organicznej materii, jak\u0105 jest drewno. Niedoskona\u0142o\u015bci s\u0105 jego immanentn\u0105 cech\u0105.<\/strong><\/p>\n<p><strong><span style=\"color: #ff6600;\">WYSY\u0141KA: Ze wzgl\u0119du na du\u017ce gabaryty ten Totem wysy\u0142any jest tylko kurierem lub dost\u0119pny z odbiorem osobistym na Saskiej K\u0119pie w Warszawie.<\/span><\/strong><\/p>\n<pre>&lt;-----------------------------------------------------------------------&gt;\r\n<strong>INFORMACJE<\/strong>\r\nKOLEKCJA: ART\r\n<span style=\"font-size: 12pt;\">MODEL: AGAT<\/span>\r\n<span style=\"font-size: 12pt;\">KOLOR: pink multikolor\r\nMATERIA\u0141: drewno bukowe r\u0119cznie malowane bejc\u0105, akrylem i gwaszem<\/span>\r\n<span style=\"font-size: 12pt;\">WYMIARY: wysoko\u015b\u0107 70 cm \/ \u015brednica podstawy 18 cm<\/span>\r\n<span style=\"font-size: 12pt;\">FILC: kolor magenta<\/span><\/pre>\n<p><em>Wymy\u015blony i wyprodukowany w Polsce\ud83c\udf1e<\/em><\/p>\n","protected":false},"excerpt":{"rendered":"<p>Totem z najnowszej kolekcji MOMENT MOMENTUM 2025 [70 cm]<\/p>\n","protected":false},"featured_media":985,"template":"","meta":{"inline_featured_image":false},"product_cat":[53],"product_tag":[98,27,21,97],"class_list":["post-818","product","type-product","status-publish","has-post-thumbnail","hentry","product_cat-art","product_tag-giant-totem","product_tag-pink","product_tag-totem","product_tag-totem-agat"],"_links":{"self":[{"href":"https:\/\/totemstudiowarsaw.com\/index.php\/wp-json\/wp\/v2\/product\/818","targetHints":{"allow":["GET"]}}],"collection":[{"href":"https:\/\/totemstudiowarsaw.com\/index.php\/wp-json\/wp\/v2\/product"}],"about":[{"href":"https:\/\/totemstudiowarsaw.com\/index.php\/wp-json\/wp\/v2\/types\/product"}],"wp:featuredmedia":[{"embeddable":true,"href":"https:\/\/totemstudiowarsaw.com\/index.php\/wp-json\/wp\/v2\/media\/985"}],"wp:attachment":[{"href":"https:\/\/totemstudiowarsaw.com\/index.php\/wp-json\/wp\/v2\/media?parent=818"}],"wp:term":[{"taxonomy":"product_cat","embeddable":true,"href":"https:\/\/totemstudiowarsaw.com\/index.php\/wp-json\/wp\/v2\/product_cat?post=818"},{"taxonomy":"product_tag","embeddable":true,"href":"https:\/\/totemstudiowarsaw.com\/index.php\/wp-json\/wp\/v2\/product_tag?post=818"}],"curies":[{"name":"wp","href":"https:\/\/api.w.org\/{rel}","templated":true}]}}