{"id":205,"date":"2022-11-23T23:05:59","date_gmt":"2022-11-23T23:05:59","guid":{"rendered":"http:\/\/totemsx.cluster031.hosting.ovh.net\/totemsxwp\/?post_type=product&#038;p=205"},"modified":"2025-12-15T23:16:10","modified_gmt":"2025-12-15T23:16:10","slug":"totem-big-cobalt","status":"publish","type":"product","link":"https:\/\/totemstudiowarsaw.com\/index.php\/produkt\/totem-big-cobalt\/","title":{"rendered":"Big Cobalt Totem \ud83d\udc8e [Sphere]"},"content":{"rendered":"<p><strong>Totem to rze\u017aba domowa i kolekcjonerski obiekt do wn\u0119trz<\/strong><\/p>\n<p>Totemy to obiekty, kt\u00f3rym mo\u017cesz nada\u0107 w\u0142asn\u0105 intencj\u0119. My\u015bl, \u017cyczenie, przekaz, wspomnienie. Co\u015b, co jest dla Ciebie wa\u017cne. Lub dla osoby, kt\u00f3rej go podarujesz.<\/p>\n<p><strong>INTENCJA<\/strong><br \/>\nNa spodzie ka\u017cdego Totemu znajduje si\u0119 filc i miejsce do wpisania kr\u00f3tkiej intencji. Podaj j\u0105 w szczeg\u00f3\u0142ach zam\u00f3wienia, a wypisz\u0119 j\u0105 dla Ciebie osobi\u015bcie. Je\u015bli potrzebujesz si\u0119 jeszcze zastanowi\u0107 i chcesz wypisa\u0107 j\u0105 p\u00f3\u017cniej, b\u0119dziesz potrzebowa\u0107 do tego bardzo cienkiego permanentnego markera. Je\u015bli si\u0119 pomylisz, nic nie szkodzi, intencj\u0119 mo\u017cesz zmieni\u0107 lub poprawi\u0107 przy pomocy patyczka kosmetycznego nas\u0105czonego perfumami, wysokoprocentowym alkoholem lub zmywaczem do paznokci.<\/p>\n<p><strong>CERTYFIKAT AUTENTYCZNO\u015aCI<\/strong><br \/>\nDo ka\u017cdego Totemu do\u0142\u0105czony jest podstemplowany certyfikat autentyczno\u015bci z miejscem na wypisanie intencji dedykowanej obiektowi.<\/p>\n<p><strong>TROSKA O TOTEM<\/strong><br \/>\nTotem nie lubi ekspozycji na wilgo\u0107 i promienie s\u0142oneczne. Mimo, \u017ce wygl\u0105dem zach\u0119ca, nie jest zabawk\u0105.<\/p>\n<p><strong>Ka\u017cdy Totem jest unikatowy, w szczeg\u00f3\u0142ach mo\u017ce r\u00f3\u017cni\u0107 si\u0119 od tego prezentowanego na zdj\u0119ciach. To dlatego, \u017ce powstaje z organicznej materii, jak\u0105 jest drewno.<\/strong><\/p>\n<pre>&lt;-----------------------------------------------------------------------&gt;\r\n<strong>INFORMACJE\r\n\r\n<\/strong>KOLEKCJA: Deco\r\nMODEL: Sphere\r\nROZMIAR: big\r\nKOLOR: kobalt (p\u00f3\u0142mat)\r\nMATERIA\u0141: drewno bukowe malowane (farba akrylowa)\r\nWYMIARY: wysoko\u015b\u0107 29,1 cm, \u015brednica podstawy 11,5 cm\r\nFILC: kolor filcu lub pianki mo\u017ce si\u0119 r\u00f3\u017cni\u0107 w zale\u017cno\u015bci od egzemplarza\r\nINNE: ka\u017cdy Totem wykonany jest z drewna, w zwi\u0105zku z tym powierzchnia \r\nka\u017cdego z nich nie jest idealnie g\u0142adka, mo\u017ce mie\u0107 drobne nier\u00f3wno\u015bci lub widoczne miejsca \u0142\u0105czenia drewna.<\/pre>\n<p><em>Wymy\u015blony i wyprodukowany w Polsce\ud83c\udf1e<\/em><\/p>\n","protected":false},"excerpt":{"rendered":"<p>Totem to rze\u017aba domowa i kolekcjonerski obiekt do wn\u0119trz Totemy to obiekty, kt\u00f3rym mo\u017cesz nada\u0107 w\u0142asn\u0105 intencj\u0119. My\u015bl, \u017cyczenie, przekaz, wspomnienie. Co\u015b, co jest dla Ciebie wa\u017cne. Lub dla osoby, kt\u00f3rej go podarujesz. INTENCJA Na spodzie ka\u017cdego Totemu znajduje si\u0119 filc i miejsce do wpisania kr\u00f3tkiej intencji. Podaj j\u0105 w szczeg\u00f3\u0142ach zam\u00f3wienia, a wypisz\u0119 j\u0105 [&hellip;]<\/p>\n","protected":false},"featured_media":506,"template":"","meta":{"inline_featured_image":false},"product_cat":[15],"product_tag":[26,33,54,61,21],"class_list":["post-205","product","type-product","status-publish","has-post-thumbnail","hentry","product_cat-deco","product_tag-big","product_tag-cobalt","product_tag-deco","product_tag-sphere","product_tag-totem"],"_links":{"self":[{"href":"https:\/\/totemstudiowarsaw.com\/index.php\/wp-json\/wp\/v2\/product\/205","targetHints":{"allow":["GET"]}}],"collection":[{"href":"https:\/\/totemstudiowarsaw.com\/index.php\/wp-json\/wp\/v2\/product"}],"about":[{"href":"https:\/\/totemstudiowarsaw.com\/index.php\/wp-json\/wp\/v2\/types\/product"}],"wp:featuredmedia":[{"embeddable":true,"href":"https:\/\/totemstudiowarsaw.com\/index.php\/wp-json\/wp\/v2\/media\/506"}],"wp:attachment":[{"href":"https:\/\/totemstudiowarsaw.com\/index.php\/wp-json\/wp\/v2\/media?parent=205"}],"wp:term":[{"taxonomy":"product_cat","embeddable":true,"href":"https:\/\/totemstudiowarsaw.com\/index.php\/wp-json\/wp\/v2\/product_cat?post=205"},{"taxonomy":"product_tag","embeddable":true,"href":"https:\/\/totemstudiowarsaw.com\/index.php\/wp-json\/wp\/v2\/product_tag?post=205"}],"curies":[{"name":"wp","href":"https:\/\/api.w.org\/{rel}","templated":true}]}}