{"id":174,"date":"2022-11-23T22:28:42","date_gmt":"2022-11-23T22:28:42","guid":{"rendered":"http:\/\/totemsx.cluster031.hosting.ovh.net\/totemsxwp\/?post_type=product&#038;p=174"},"modified":"2025-12-07T23:32:50","modified_gmt":"2025-12-07T23:32:50","slug":"totem-big-pink-2","status":"publish","type":"product","link":"https:\/\/totemstudiowarsaw.com\/index.php\/produkt\/totem-big-pink-2\/","title":{"rendered":"Totem Sphere: Pink\ud83c\udf80[big]"},"content":{"rendered":"<p><strong>Totem to rze\u017aba domowa i kolekcjonerski obiekt do wn\u0119trz<\/strong><\/p>\n<p>Totemy to naprawd\u0119 wyj\u0105tkowe obiekty, kt\u00f3rym mo\u017cesz nada\u0107 w\u0142asn\u0105 intencj\u0119. My\u015bl, \u017cyczenie, przekaz, wspomnienie. Co\u015b, co jest wa\u017cne dla Ciebie lub dla osoby, kt\u00f3rej go podarujesz.<\/p>\n<p><strong>INTENCJA<\/strong><br \/>\nNa spodzie ka\u017cdego Totemu znajduje si\u0119 filc i miejsce do wpisania kr\u00f3tkiej intencji. Podaj j\u0105 w szczeg\u00f3\u0142ach zam\u00f3wienia, a wypisz\u0119 j\u0105 dla Ciebie osobi\u015bcie. Je\u015bli potrzebujesz si\u0119 jeszcze zastanowi\u0107 i chcesz wypisa\u0107 j\u0105 p\u00f3\u017cniej, b\u0119dziesz potrzebowa\u0107 do tego bardzo cienkiego permanentnego markera. Je\u015bli si\u0119 pomylisz, nic nie szkodzi, intencj\u0119 mo\u017cesz zmieni\u0107 lub poprawi\u0107 przy pomocy patyczka kosmetycznego nas\u0105czonego perfumami, wysokoprocentowym alkoholem lub zmywaczem do paznokci.<\/p>\n<p><strong>CERTYFIKAT AUTENTYCZNO\u015aCI<\/strong><br \/>\nDo ka\u017cdego Totemu do\u0142\u0105czony jest podstemplowany certyfikat autentyczno\u015bci z miejscem na wypisanie intencji dedykowanej obiektowi.<\/p>\n<p><strong>TROSKA O TOTEM<\/strong><br \/>\nTotem nie lubi ekspozycji na wilgo\u0107 i promienie s\u0142oneczne. Mimo, \u017ce wygl\u0105dem zach\u0119ca, nie jest zabawk\u0105.<\/p>\n<p><strong>P.S. Ka\u017cdy Totem jest unikatowy, w szczeg\u00f3\u0142ach mo\u017ce r\u00f3\u017cni\u0107 si\u0119 od tego prezentowanego na zdj\u0119ciach. To dlatego, \u017ce powstaje z organicznej materii, jak\u0105 jest drewno.\u00a0<\/strong><\/p>\n<pre>&lt;-----------------------------------------------------------------------&gt;\r\n\r\n<strong>INFORMACJE\r\n<\/strong>KOLEKCJA: Deco\r\nMODEL\" Sphere\r\nROZMIAR: big\r\nKOLOR: jasny r\u00f3\u017c (p\u00f3\u0142mat)\r\nMATERIA\u0141: drewno bukowe lakierowane\r\nWYMIARY: wysoko\u015b\u0107 29,1 cm, \u015brednica podstawy 11,5 cm\r\nFILC: kolor filcu lub pianki mo\u017ce si\u0119 r\u00f3\u017cni\u0107 w zale\u017cno\u015bci od egzemplarza<\/pre>\n<p><em>Wymy\u015blony i wyprodukowany w Polsce\ud83c\udf1e<\/em><\/p>\n","protected":false},"excerpt":{"rendered":"<p>Pudrowy r\u00f3\u017c. Jeden z pierwszych kolor\u00f3w, kt\u00f3re pojawi\u0142y si\u0119 na Totemach \ud83d\ude42<\/p>\n","protected":false},"featured_media":788,"template":"","meta":{"inline_featured_image":false},"product_cat":[15],"product_tag":[26,54,27,61,21],"class_list":["post-174","product","type-product","status-publish","has-post-thumbnail","hentry","product_cat-deco","product_tag-big","product_tag-deco","product_tag-pink","product_tag-sphere","product_tag-totem"],"_links":{"self":[{"href":"https:\/\/totemstudiowarsaw.com\/index.php\/wp-json\/wp\/v2\/product\/174","targetHints":{"allow":["GET"]}}],"collection":[{"href":"https:\/\/totemstudiowarsaw.com\/index.php\/wp-json\/wp\/v2\/product"}],"about":[{"href":"https:\/\/totemstudiowarsaw.com\/index.php\/wp-json\/wp\/v2\/types\/product"}],"wp:featuredmedia":[{"embeddable":true,"href":"https:\/\/totemstudiowarsaw.com\/index.php\/wp-json\/wp\/v2\/media\/788"}],"wp:attachment":[{"href":"https:\/\/totemstudiowarsaw.com\/index.php\/wp-json\/wp\/v2\/media?parent=174"}],"wp:term":[{"taxonomy":"product_cat","embeddable":true,"href":"https:\/\/totemstudiowarsaw.com\/index.php\/wp-json\/wp\/v2\/product_cat?post=174"},{"taxonomy":"product_tag","embeddable":true,"href":"https:\/\/totemstudiowarsaw.com\/index.php\/wp-json\/wp\/v2\/product_tag?post=174"}],"curies":[{"name":"wp","href":"https:\/\/api.w.org\/{rel}","templated":true}]}}