{"id":1227,"date":"2026-04-20T21:07:07","date_gmt":"2026-04-20T21:07:07","guid":{"rendered":"https:\/\/totemstudiowarsaw.com\/?post_type=product&#038;p=1227"},"modified":"2026-04-20T21:07:53","modified_gmt":"2026-04-20T21:07:53","slug":"kubek-plakatowka","status":"publish","type":"product","link":"https:\/\/totemstudiowarsaw.com\/index.php\/produkt\/kubek-plakatowka\/","title":{"rendered":"Kubek Plakat\u00f3wka"},"content":{"rendered":"<p>Porcelanowy klasyk. Kubek &#8222;Kaszub&#8221; marki Lubiana pomie\u015bci 300 ml Twojego ulubionego napitku. Ozdobiony totemowym stylem, czyli r\u0119cznie wycinan\u0105, komponowan\u0105 i naklejan\u0105 sitodrukow\u0105 kalk\u0105 ceramiczn\u0105. Wz\u00f3r nazwa\u0142am &#8222;Plakat\u00f3wka&#8221; poniewa\u017c nawi\u0105zuje do wygl\u0105du farbek wyci\u015bni\u0119tych z tubki wprost na palet\u0119.<\/p>\n<p>Ka\u017cdy kubek jest inny, nied\u0142ugo wrzuc\u0119 bardziej szczeg\u00f3\u0142owe zdj\u0119cia, tymczasem napisz w mailu lub szczeg\u00f3\u0142ach zam\u00f3wienia jakie s\u0105 Twoje ulubione kolory spo\u015br\u00f3d kubk\u00f3w ze zdj\u0119\u0107, a dobior\u0119 co\u015b pasuj\u0105cego. Przed wysy\u0142k\u0105 mailowo prze\u015bl\u0119 zdj\u0119cie konkretnego kubka. Je\u015bli dostan\u0119 pozytywn\u0105 odpowied\u017a zwrotn\u0105, kubek wskakuje do Paczkomatu InPost i leci do Ciebie \ud83d\ude42<\/p>\n<ul>\n<li>Wykonany z\u00a0<b>najwy\u017cszej jako\u015bci bia\u0142ej porcelany<\/b><\/li>\n<li><b>Odporna na zarysowania\u00a0<\/b>powierzchnia<\/li>\n<li>Mo\u017cliwo\u015b\u0107 mycia w<b> zmywarkach i wyparzarkach<\/b><\/li>\n<li>Mo\u017cliwo\u015b\u0107<b>\u00a0sztaplowania<\/b><\/li>\n<li>\u015arednica:\u00a0<b>9 cm<\/b><\/li>\n<li>Wysoko\u015b\u0107:\u00a0<b>10 cm<\/b><\/li>\n<li>Pojemno\u015b\u0107 ca\u0142kowita:<b>\u00a0300 ml<\/b><\/li>\n<li>Kolor:\u00a0<b>bia\u0142y z logo Totem Studio oraz kolorowymi wzorkami<\/b><\/li>\n<\/ul>\n","protected":false},"excerpt":{"rendered":"<p>Totem kubek barowy, r\u0119cznie ozdobiony r\u0119cznie wycinan\u0105 i naklejan\u0105 kalk\u0105.<\/p>\n","protected":false},"featured_media":1229,"template":"","meta":{"inline_featured_image":false},"product_cat":[108],"product_tag":[109,112,117],"class_list":["post-1227","product","type-product","status-publish","has-post-thumbnail","hentry","product_cat-merch","product_tag-kubek","product_tag-merch","product_tag-mug"],"_links":{"self":[{"href":"https:\/\/totemstudiowarsaw.com\/index.php\/wp-json\/wp\/v2\/product\/1227","targetHints":{"allow":["GET"]}}],"collection":[{"href":"https:\/\/totemstudiowarsaw.com\/index.php\/wp-json\/wp\/v2\/product"}],"about":[{"href":"https:\/\/totemstudiowarsaw.com\/index.php\/wp-json\/wp\/v2\/types\/product"}],"wp:featuredmedia":[{"embeddable":true,"href":"https:\/\/totemstudiowarsaw.com\/index.php\/wp-json\/wp\/v2\/media\/1229"}],"wp:attachment":[{"href":"https:\/\/totemstudiowarsaw.com\/index.php\/wp-json\/wp\/v2\/media?parent=1227"}],"wp:term":[{"taxonomy":"product_cat","embeddable":true,"href":"https:\/\/totemstudiowarsaw.com\/index.php\/wp-json\/wp\/v2\/product_cat?post=1227"},{"taxonomy":"product_tag","embeddable":true,"href":"https:\/\/totemstudiowarsaw.com\/index.php\/wp-json\/wp\/v2\/product_tag?post=1227"}],"curies":[{"name":"wp","href":"https:\/\/api.w.org\/{rel}","templated":true}]}}