{"id":1225,"date":"2026-04-20T20:00:42","date_gmt":"2026-04-20T20:00:42","guid":{"rendered":"https:\/\/totemstudiowarsaw.com\/?post_type=product&#038;p=1225"},"modified":"2026-04-20T20:04:10","modified_gmt":"2026-04-20T20:04:10","slug":"totem-charms-kolorowy-sznurek","status":"publish","type":"product","link":"https:\/\/totemstudiowarsaw.com\/index.php\/produkt\/totem-charms-kolorowy-sznurek\/","title":{"rendered":"Totem Charms (kolorowy sznurek)"},"content":{"rendered":"<p class=\"font-claude-response-body break-words whitespace-normal leading-[1.7]\">Totemowa zawieszka do torebki, plecaka, kosmetyczki, suwaka lub jako element naszyjnika.<\/p>\n<p class=\"font-claude-response-body break-words whitespace-normal leading-[1.7]\">Totemikowe koraliki wykonane s\u0105 z biodegradowalnego filamentu PLA i wydrukowane na drukarce 3D. \u015arodkowy koralik w zale\u017cno\u015bci od wariantu wykonany jest z kamienia, r\u0119cznie malowanego drewna, szk\u0142a lub tworzywa \u2014 montowane na wytrzyma\u0142ym, syntetycznym, kolorowym sznurku. Poniewa\u017c jest to produkt artystyczny nie rekomendujemy u\u017cywania czarmsa jako breloka do kluczy, mo\u017ce si\u0119 wtedy szybko brudzi\u0107\/niszczy\u0107.<\/p>\n<p class=\"font-claude-response-body break-words whitespace-normal leading-[1.7]\">Ka\u017cda zawieszka jest inna. Mo\u017cliwo\u015bci po\u0142\u0105cze\u0144 materia\u0142\u00f3w, kolor\u00f3w i kszta\u0142t\u00f3w sprawiaj\u0105, \u017ce trudno trafi\u0107 na dwie identyczne.<\/p>\n<p>Napisz kt\u00f3ry wybierasz w szczeg\u00f3\u0142ach zam\u00f3wienia.<\/p>\n<p>D\u0142ugo\u015b\u0107 zawieszki z karabi\u0144czykiem to oko\u0142o 9 cm (z ca\u0142ym sznurkiem oko\u0142o 17-20 cm), \u015brednica 1,5 cm.<\/p>\n","protected":false},"excerpt":{"rendered":"<p>Totemowa zawieszka \ud83d\ude42<\/p>\n","protected":false},"featured_media":1223,"template":"","meta":{"inline_featured_image":false},"product_cat":[108],"product_tag":[116,113,114,112,115],"class_list":["post-1225","product","type-product","status-publish","has-post-thumbnail","hentry","product_cat-merch","product_tag-brelok","product_tag-charms","product_tag-czarms","product_tag-merch","product_tag-zawieszka"],"_links":{"self":[{"href":"https:\/\/totemstudiowarsaw.com\/index.php\/wp-json\/wp\/v2\/product\/1225","targetHints":{"allow":["GET"]}}],"collection":[{"href":"https:\/\/totemstudiowarsaw.com\/index.php\/wp-json\/wp\/v2\/product"}],"about":[{"href":"https:\/\/totemstudiowarsaw.com\/index.php\/wp-json\/wp\/v2\/types\/product"}],"wp:featuredmedia":[{"embeddable":true,"href":"https:\/\/totemstudiowarsaw.com\/index.php\/wp-json\/wp\/v2\/media\/1223"}],"wp:attachment":[{"href":"https:\/\/totemstudiowarsaw.com\/index.php\/wp-json\/wp\/v2\/media?parent=1225"}],"wp:term":[{"taxonomy":"product_cat","embeddable":true,"href":"https:\/\/totemstudiowarsaw.com\/index.php\/wp-json\/wp\/v2\/product_cat?post=1225"},{"taxonomy":"product_tag","embeddable":true,"href":"https:\/\/totemstudiowarsaw.com\/index.php\/wp-json\/wp\/v2\/product_tag?post=1225"}],"curies":[{"name":"wp","href":"https:\/\/api.w.org\/{rel}","templated":true}]}}