{"id":1212,"date":"2026-04-20T19:27:25","date_gmt":"2026-04-20T19:27:25","guid":{"rendered":"https:\/\/totemstudiowarsaw.com\/?post_type=product&#038;p=1212"},"modified":"2026-04-21T13:16:58","modified_gmt":"2026-04-21T13:16:58","slug":"kubek-totem-x-merki-maly","status":"publish","type":"product","link":"https:\/\/totemstudiowarsaw.com\/index.php\/produkt\/kubek-totem-x-merki-maly\/","title":{"rendered":"Kubek Totem x Merki [ma\u0142y]"},"content":{"rendered":"<p class=\"font-claude-response-body break-words whitespace-normal leading-[1.7]\"><strong>Totem Studio x Merki \u2013 Kubki do totemowania<\/strong><\/p>\n<p class=\"font-claude-response-body break-words whitespace-normal leading-[1.7]\">Ceramiczne kubki powsta\u0142y we wsp\u00f3\u0142pracy Totem Studio Warsaw i\u00a0<a href=\"https:\/\/merki.pl\/\">Merki Ceramika<\/a>. Ka\u017cdy egzemplarz jest unikatowy \u2014 zdobiony r\u0119cznie wycinan\u0105 kalk\u0105 ceramiczn\u0105 z geometrycznymi wzorami: ko\u0142ami, tr\u00f3jk\u0105tami i rombami, starannie komponowanymi na kremowej powierzchni. Ka\u017cdy kubek ma zdobienie z 4 stron. Na \u017cywo jeszcze \u0142adniejsze\u00a0<img decoding=\"async\" class=\"emoji\" role=\"img\" draggable=\"false\" src=\"https:\/\/s.w.org\/images\/core\/emoji\/16.0.1\/svg\/1f642.svg\" alt=\"\ud83d\ude42\" \/><\/p>\n<p class=\"font-claude-response-body break-words whitespace-normal leading-[1.7]\"><strong>Ma\u0142y<\/strong> \u2014 ok. 200 ml, waga 0,2 kg, wymiary 10 \u00d7 10 \u00d7 10 cm<\/p>\n<p>Zosta\u0142y ju\u017c tylko 3 sztuki kubk\u00f3w z kratk\u0105 &#8211; wysy\u0142am je losowo, ale je\u015bli zale\u017cy Ci na konkretnej sztuce, napisz w szczeg\u00f3\u0142ach zam\u00f3wienia. Cena za jeden kubek.<\/p>\n","protected":false},"excerpt":{"rendered":"<p>Ma\u0142y kubek Totem Studio x Merki<\/p>\n","protected":false},"featured_media":1213,"template":"","meta":{"inline_featured_image":false},"product_cat":[108],"product_tag":[109,112,111],"class_list":["post-1212","product","type-product","status-publish","has-post-thumbnail","hentry","product_cat-merch","product_tag-kubek","product_tag-merch","product_tag-merki"],"_links":{"self":[{"href":"https:\/\/totemstudiowarsaw.com\/index.php\/wp-json\/wp\/v2\/product\/1212","targetHints":{"allow":["GET"]}}],"collection":[{"href":"https:\/\/totemstudiowarsaw.com\/index.php\/wp-json\/wp\/v2\/product"}],"about":[{"href":"https:\/\/totemstudiowarsaw.com\/index.php\/wp-json\/wp\/v2\/types\/product"}],"wp:featuredmedia":[{"embeddable":true,"href":"https:\/\/totemstudiowarsaw.com\/index.php\/wp-json\/wp\/v2\/media\/1213"}],"wp:attachment":[{"href":"https:\/\/totemstudiowarsaw.com\/index.php\/wp-json\/wp\/v2\/media?parent=1212"}],"wp:term":[{"taxonomy":"product_cat","embeddable":true,"href":"https:\/\/totemstudiowarsaw.com\/index.php\/wp-json\/wp\/v2\/product_cat?post=1212"},{"taxonomy":"product_tag","embeddable":true,"href":"https:\/\/totemstudiowarsaw.com\/index.php\/wp-json\/wp\/v2\/product_tag?post=1212"}],"curies":[{"name":"wp","href":"https:\/\/api.w.org\/{rel}","templated":true}]}}