{"id":1202,"date":"2026-04-20T18:33:16","date_gmt":"2026-04-20T18:33:16","guid":{"rendered":"https:\/\/totemstudiowarsaw.com\/?post_type=product&#038;p=1202"},"modified":"2026-04-20T20:11:37","modified_gmt":"2026-04-20T20:11:37","slug":"kubek-totem-x-merki-duzy","status":"publish","type":"product","link":"https:\/\/totemstudiowarsaw.com\/index.php\/produkt\/kubek-totem-x-merki-duzy\/","title":{"rendered":"Kubek Totem x Merki [du\u017cy]"},"content":{"rendered":"<p class=\"font-claude-response-body break-words whitespace-normal leading-[1.7]\"><strong>Totem Studio x Merki &#8211; Kubki do totemowania<\/strong><\/p>\n<p class=\"font-claude-response-body break-words whitespace-normal leading-[1.7]\">Ceramiczne kubki powsta\u0142y we wsp\u00f3\u0142pracy Totem Studio Warsaw i <a href=\"https:\/\/merki.pl\/\">Merki Ceramika<\/a>. Ka\u017cdy egzemplarz jest unikatowy \u2014 zdobiony r\u0119cznie wycinan\u0105 kalk\u0105 ceramiczn\u0105 z geometrycznymi wzorami: ko\u0142ami, tr\u00f3jk\u0105tami i rombami, starannie komponowanymi na kremowej powierzchni. Ka\u017cdy kubek ma zdobienie z 4 stron. Na \u017cywo jeszcze \u0142adniejsze \ud83d\ude42<\/p>\n<p class=\"font-claude-response-body break-words whitespace-normal leading-[1.7]\"><strong>Du\u017cy<\/strong> \u2014 500 ml, waga 0,4 kg, wymiary 20 \u00d7 20 \u00d7 20 cm<\/p>\n<p>Zosta\u0142y ju\u017c tylko 3 sztuki kraciastych kubk\u00f3w, wz\u00f3r wysy\u0142am losowo, ale je\u015bli zale\u017cy Ci na konkretnej sztuce, napisz w szczeg\u00f3\u0142ach zam\u00f3wienia.<\/p>\n","protected":false},"excerpt":{"rendered":"<p>Kubek totemowy w collabie z Merki \ud83d\ude42<\/p>\n","protected":false},"featured_media":1205,"template":"","meta":{"inline_featured_image":false},"product_cat":[108],"product_tag":[110,109,112,111],"class_list":["post-1202","product","type-product","status-publish","has-post-thumbnail","hentry","product_cat-merch","product_tag-duzy-kubek","product_tag-kubek","product_tag-merch","product_tag-merki"],"_links":{"self":[{"href":"https:\/\/totemstudiowarsaw.com\/index.php\/wp-json\/wp\/v2\/product\/1202","targetHints":{"allow":["GET"]}}],"collection":[{"href":"https:\/\/totemstudiowarsaw.com\/index.php\/wp-json\/wp\/v2\/product"}],"about":[{"href":"https:\/\/totemstudiowarsaw.com\/index.php\/wp-json\/wp\/v2\/types\/product"}],"wp:featuredmedia":[{"embeddable":true,"href":"https:\/\/totemstudiowarsaw.com\/index.php\/wp-json\/wp\/v2\/media\/1205"}],"wp:attachment":[{"href":"https:\/\/totemstudiowarsaw.com\/index.php\/wp-json\/wp\/v2\/media?parent=1202"}],"wp:term":[{"taxonomy":"product_cat","embeddable":true,"href":"https:\/\/totemstudiowarsaw.com\/index.php\/wp-json\/wp\/v2\/product_cat?post=1202"},{"taxonomy":"product_tag","embeddable":true,"href":"https:\/\/totemstudiowarsaw.com\/index.php\/wp-json\/wp\/v2\/product_tag?post=1202"}],"curies":[{"name":"wp","href":"https:\/\/api.w.org\/{rel}","templated":true}]}}