{"id":140,"date":"2022-11-22T21:18:31","date_gmt":"2022-11-22T21:18:31","guid":{"rendered":"http:\/\/totemsx.cluster031.hosting.ovh.net\/totemsxwp\/?page_id=140"},"modified":"2023-02-05T21:58:29","modified_gmt":"2023-02-05T21:58:29","slug":"obowiazek-informacyjny-rodo","status":"publish","type":"page","link":"https:\/\/totemstudiowarsaw.com\/index.php\/obowiazek-informacyjny-rodo\/","title":{"rendered":"Obowi\u0105zek informacyjny RODO"},"content":{"rendered":"\n<p>Zgodnie z art. 13 og\u00f3lnego rozporz\u0105dzenia o ochronie danych osobowych z dnia 27 kwietnia 2016 r. (Dz. Urz. UE L 119 z 04.05.2016) informuj\u0119, i\u017c:<\/p>\n\n\n\n<ol class=\"wp-block-list\">\n<li>Administratorem Pa\u0144stwa danych osobowych jest Wunderkamera Kajetan Ernest Wi\u0144czyk, ul. Saska, <br>nr 72, lok. 3 03-914 Warszawa, NIP 9562232619.<br><\/li>\n\n\n\n<li>Administrator nie powo\u0142a\u0142 Inspektora Ochrony Danych Osobowych.<br><\/li>\n\n\n\n<li>Pa\u0144stwa dane osobowe przetwarzane b\u0119d\u0105 w celu realizacji zam\u00f3wienia lub umowy \u2013 na podstawie Art. 6 ust. 1 lit. b og\u00f3lnego rozporz\u0105dzenia o ochronie danych osobowych z dnia 27 kwietnia 2016 r.<br><\/li>\n\n\n\n<li>Odbiorcami Pani\/Pana danych osobowych b\u0119d\u0105 wy\u0142\u0105cznie podmioty uprawnione do uzyskania danych osobowych lub podmioty uczestnicz\u0105ce w realizacji zlecenia oraz zewn\u0119trzne biuro rachunkowe.<br><\/li>\n\n\n\n<li>Pa\u0144stwa dane osobowe przechowywane b\u0119d\u0105 przez okres 6 lat.<br><\/li>\n\n\n\n<li>Posiadaj\u0105 Pa\u0144stwo prawo do \u017c\u0105dania od administratora dost\u0119pu do danych osobowych, ich sprostowania, usuni\u0119cia lub ograniczenia przetwarzania w tym celu prosimy o kontakt: hello.totemstudio@gmail.com <br><\/li>\n\n\n\n<li>Maj\u0105 Pa\u0144stwo prawo wniesienia skargi do organu nadzorczego.<br><\/li>\n\n\n\n<li>Podanie danych osobowych jest dobrowolne, jednak\u017ce odmowa podania danych mo\u017ce skutkowa\u0107 odmow\u0105 zawarcia umowy.<\/li>\n<\/ol>\n","protected":false},"excerpt":{"rendered":"<p>Zgodnie z art. 13 og\u00f3lnego rozporz\u0105dzenia o ochronie danych osobowych z dnia 27 kwietnia 2016 r. (Dz. Urz. UE L 119 z 04.05.2016) informuj\u0119, i\u017c:<\/p>\n","protected":false},"author":1,"featured_media":0,"parent":0,"menu_order":0,"comment_status":"closed","ping_status":"closed","template":"","meta":{"inline_featured_image":false,"footnotes":""},"class_list":["post-140","page","type-page","status-publish","hentry"],"_links":{"self":[{"href":"https:\/\/totemstudiowarsaw.com\/index.php\/wp-json\/wp\/v2\/pages\/140","targetHints":{"allow":["GET"]}}],"collection":[{"href":"https:\/\/totemstudiowarsaw.com\/index.php\/wp-json\/wp\/v2\/pages"}],"about":[{"href":"https:\/\/totemstudiowarsaw.com\/index.php\/wp-json\/wp\/v2\/types\/page"}],"author":[{"embeddable":true,"href":"https:\/\/totemstudiowarsaw.com\/index.php\/wp-json\/wp\/v2\/users\/1"}],"replies":[{"embeddable":true,"href":"https:\/\/totemstudiowarsaw.com\/index.php\/wp-json\/wp\/v2\/comments?post=140"}],"version-history":[{"count":4,"href":"https:\/\/totemstudiowarsaw.com\/index.php\/wp-json\/wp\/v2\/pages\/140\/revisions"}],"predecessor-version":[{"id":350,"href":"https:\/\/totemstudiowarsaw.com\/index.php\/wp-json\/wp\/v2\/pages\/140\/revisions\/350"}],"wp:attachment":[{"href":"https:\/\/totemstudiowarsaw.com\/index.php\/wp-json\/wp\/v2\/media?parent=140"}],"curies":[{"name":"wp","href":"https:\/\/api.w.org\/{rel}","templated":true}]}}