{"id":123,"date":"2022-11-22T20:23:00","date_gmt":"2022-11-22T20:23:00","guid":{"rendered":"http:\/\/totemsx.cluster031.hosting.ovh.net\/totemsxwp\/?page_id=123"},"modified":"2024-04-27T15:10:42","modified_gmt":"2024-04-27T15:10:42","slug":"regulamin","status":"publish","type":"page","link":"https:\/\/totemstudiowarsaw.com\/index.php\/regulamin\/","title":{"rendered":"W\u0142a\u015bcicielem sklepiku jest:"},"content":{"rendered":"\n<p><br>Wunderkamera Kajetan Ernest Wi\u0144czyk<br>ul. Saska,&nbsp;nr&nbsp;72,&nbsp;lok.&nbsp;3&nbsp;<br>03-914 Warszawa<br>NIP 9562232619<br>REGON: 362071577<br><br>Je\u015bli chcesz do nas napisa\u0107, \u015bmia\u0142o tutaj \u2014&gt; hello.totemstudio@gmail.com<br><\/p>\n\n\n\n<p>Mi\u0142ych totemowych zakup\u00f3w!<br>Totem Studio Warsaw<\/p>\n\n\n\n<p>&nbsp;\ud83d\udfe1\ud83d\udd36\ud83d\udfea\ud83d\udd3a\u25aa\ufe0f&nbsp;\ud83d\udfe1\ud83d\udd36\ud83d\udfea\ud83d\udd3a\u25aa\ufe0f&nbsp;\ud83d\udfe1\ud83d\udd36\ud83d\udfea\ud83d\udd3a\u25aa\ufe0f<\/p>\n\n\n\n<h3 class=\"wp-block-heading has-text-align-center\"><strong>Regulamin sklepu internetowego<br><a href=\"https:\/\/totemstudiowarsaw.com\">totemstudiowarsaw.com<\/a><\/strong><\/h3>\n\n\n\n<h4 class=\"wp-block-heading has-text-align-center\"><strong>\u00a7 1<br>Postanowienia wst\u0119pne<\/strong><\/h4>\n\n\n\n<ol class=\"wp-block-list\">\n<li>Sklep internetowy totemstudiowarsaw.com, dost\u0119pny pod adresem internetowym https:\/\/totemstudiowarsaw.com\/, prowadzony jest przez Kajetana Wi\u0144czyka prowadz\u0105c\u0105 dzia\u0142alno\u015b\u0107 gospodarcz\u0105 pod firm\u0105 Wunderkamera Kajetan Ernest Wi\u0144czyk, wpisan\u0105 do Centralnej Ewidencji <br>i Informacji o Dzia\u0142alno\u015bci Gospodarczej (CEIDG) prowadzonej przez ministra w\u0142a\u015bciwego ds. gospodarki, NIP 9562232619, REGON: 362071577.<br><\/li>\n\n\n\n<li>Niniejszy Regulamin skierowany jest zar\u00f3wno do Konsument\u00f3w, jak i do Przedsi\u0119biorc\u00f3w korzystaj\u0105cych ze Sklepu i okre\u015bla zasady korzystania ze Sklepu internetowego oraz zasady i tryb zawierania Um\u00f3w Sprzeda\u017cy z Klientem na odleg\u0142o\u015b\u0107 za po\u015brednictwem Sklepu internetowego.<\/li>\n<\/ol>\n\n\n\n<h4 class=\"wp-block-heading has-text-align-center\"><strong>\u00a7 2<br>Definicje<\/strong><\/h4>\n\n\n\n<ol class=\"wp-block-list\">\n<li><strong>Konsument <\/strong>\u2013 osoba fizyczna zawieraj\u0105ca ze Sprzedawc\u0105 umow\u0119 w ramach Sklepu, kt\u00f3rej przedmiot nie jest zwi\u0105zany bezpo\u015brednio z jej dzia\u0142alno\u015bci\u0105 gospodarcz\u0105 lub zawodow\u0105.<br><\/li>\n\n\n\n<li><strong>Sprzedawca <\/strong>\u2013 osoba fizyczna prowadz\u0105ca dzia\u0142alno\u015b\u0107 gospodarcz\u0105 pod firm\u0105 Wunderkamera Kajetan Ernest Wi\u0144czyk, wpisan\u0105 do Centralnej Ewidencji i Informacji o Dzia\u0142alno\u015bci Gospodarczej (CEIDG) prowadzonej przez ministra w\u0142a\u015bciwego ds. gospodarki, NIP 9562232619, REGON: 362071577.<br><\/li>\n\n\n\n<li><strong>Klient<\/strong> \u2013 ka\u017cdy podmiot dokonuj\u0105cy zakup\u00f3w za po\u015brednictwem Sklepu internetowego.<br><\/li>\n\n\n\n<li><strong>Przedsi\u0119biorca <\/strong>\u2013 osoba fizyczna, osoba prawna i jednostka organizacyjna nieb\u0119d\u0105ca osob\u0105 prawn\u0105, kt\u00f3rej odr\u0119bna ustawa przyznaje zdolno\u015b\u0107 prawn\u0105, wykonuj\u0105ca we w\u0142asnym imieniu dzia\u0142alno\u015b\u0107 gospodarcz\u0105, kt\u00f3ra korzysta ze Sklepu.<br><\/li>\n\n\n\n<li><strong>Sklep <\/strong>\u2013 sklep internetowy prowadzony przez Sprzedawc\u0119 pod adresem internetowym https:\/\/totemstudiowarsaw.com\/<br><\/li>\n\n\n\n<li><strong>Umowa zawarta na odleg\u0142o\u015b\u0107<\/strong> \u2013 umowa zawarta z Klientem w ramach zorganizowanego systemu zawierania um\u00f3w na odleg\u0142o\u015b\u0107 (w ramach Sklepu), bez jednoczesnej fizycznej<br>obecno\u015bci stron, z wy\u0142\u0105cznym wykorzystaniem jednego lub wi\u0119kszej liczby \u015brodk\u00f3w porozumiewania si\u0119 na odleg\u0142o\u015b\u0107 do chwili zawarcia umowy w\u0142\u0105cznie.<br><\/li>\n\n\n\n<li><strong>Regulamin<\/strong> \u2013 niniejszy regulamin Sklepu.<br><\/li>\n\n\n\n<li><strong>Zam\u00f3wienie<\/strong> \u2013 o\u015bwiadczenie woli Klienta sk\u0142adane za pomoc\u0105 Formularza Zam\u00f3wienia i zmierzaj\u0105ce bezpo\u015brednio do zawarcia Umowy Sprzeda\u017cy Produktu lub Produkt\u00f3w ze Sprzedawc\u0105.<\/li>\n\n\n\n<li><strong>Konto<\/strong> \u2013 konto klienta w Sklepie, s\u0105 w nim gromadzone s\u0105 dane podane przez Klienta oraz informacje <br>o z\u0142o\u017conych przez niego Zam\u00f3wieniach w Sklepie.<br><\/li>\n\n\n\n<li><strong>Formularz rejestracji<\/strong> \u2013 formularz dost\u0119pny w Sklepie, umo\u017cliwiaj\u0105cy utworzenie Konta.<br><\/li>\n\n\n\n<li><strong>Formularz zam\u00f3wienia <\/strong>\u2013 interaktywny formularz dost\u0119pny w Sklepie umo\u017cliwiaj\u0105cy z\u0142o\u017cenie Zam\u00f3wienia, w szczeg\u00f3lno\u015bci poprzez dodanie Produkt\u00f3w do Koszyka oraz okre\u015blenie warunk\u00f3w Umowy Sprzeda\u017cy, w tym sposobu dostawy i p\u0142atno\u015bci.<br><\/li>\n\n\n\n<li><strong>Koszyk <\/strong>\u2013 element oprogramowania Sklepu, w kt\u00f3rym widoczne s\u0105 wybrane przez Klienta Produkty <br>do zakupu, a tak\u017ce istnieje mo\u017cliwo\u015b\u0107 ustalenia i modyfikacji danych Zam\u00f3wienia, w szczeg\u00f3lno\u015bci ilo\u015bci produkt\u00f3w.<br><\/li>\n\n\n\n<li><strong>Produkt<\/strong> \u2013 dost\u0119pna w Sklepie rzecz ruchoma\/us\u0142uga b\u0119d\u0105ca przedmiotem Umowy Sprzeda\u017cy mi\u0119dzy Klientem a Sprzedawc\u0105.<br><\/li>\n\n\n\n<li><strong>Umowa Sprzeda\u017cy<\/strong> \u2013 umowa sprzeda\u017cy Produktu zawierana albo<br>zawarta mi\u0119dzy Klientem a Sprzedawc\u0105 za po\u015brednictwem<br>Sklepu internetowego. Przez Umow\u0119 Sprzeda\u017cy rozumie si\u0119<br>te\u017c \u2013 stosowanie do cech Produktu \u2013 umow\u0119 o \u015bwiadczenie<br>us\u0142ug i umow\u0119 o dzie\u0142o.<\/li>\n<\/ol>\n\n\n\n<h4 class=\"wp-block-heading has-text-align-center\"><strong>\u00a7 3<br>Kontakt ze Sklepem<\/strong><\/h4>\n\n\n\n<ol class=\"wp-block-list\">\n<li>Adres korespondencyjny Sprzedawcy: Totem Studio Warsaw, ul. Saska 72\/3, <br>03-914 Warszawa<br><\/li>\n\n\n\n<li>Adres e-mail Sprzedawcy: hello.totemstudio@gmail.com<br><\/li>\n\n\n\n<li>Numer rachunku bankowego Sprzedawcy:<br>15 1140 2017 0000 4502 0489 6793 (mBank)<br><\/li>\n\n\n\n<li>Klient mo\u017ce porozumiewa\u0107 si\u0119 ze Sprzedawc\u0105 za pomoc\u0105 adresu e-mail podanego w niniejszym paragrafie.<br><\/li>\n\n\n\n<li>Klient mo\u017ce porozumie\u0107 si\u0119 telefonicznie ze Sprzedawc\u0105 po uprzednim zg\u0142oszeniu takiej potrzeby w kontakcie mailowym.<\/li>\n<\/ol>\n\n\n\n<h4 class=\"wp-block-heading has-text-align-center\"><strong>\u00a7 4<br>Wymagania techniczne<\/strong><\/h4>\n\n\n\n<ol class=\"wp-block-list\">\n<li>Do korzystania ze Sklepu, w tym przegl\u0105dania asortymentu Sklepu oraz sk\u0142adania zam\u00f3wie\u0144 <br>na Produkty, niezb\u0119dne s\u0105:<br>a. urz\u0105dzenie ko\u0144cowe z dost\u0119pem do sieci Internet i przegl\u0105dark\u0105 internetow\u0105,<br>b. aktywne konto poczty elektronicznej (e-mail),<br>c. w\u0142\u0105czona obs\u0142uga plik\u00f3w cookies.<\/li>\n<\/ol>\n\n\n\n<h4 class=\"wp-block-heading has-text-align-center\"><strong>\u00a7 5<br>Informacje og\u00f3lne<\/strong><\/h4>\n\n\n\n<ol class=\"wp-block-list\">\n<li>Sprzedawca w najszerszym dopuszczalnym przez prawo<br>zakresie nie ponosi odpowiedzialno\u015bci za zak\u0142\u00f3cenia w tym<br>przerwy w funkcjonowaniu Sklepu spowodowane si\u0142\u0105 wy\u017csz\u0105,<br>niedozwolonym dzia\u0142aniem os\u00f3b trzecich lub<br>niekompatybilno\u015bci\u0105 Sklepu internetowego z infrastruktur\u0105<br>techniczn\u0105 Klienta.<br><\/li>\n\n\n\n<li>Przegl\u0105danie asortymentu Sklepu nie wymaga zak\u0142adania Konta. Sk\u0142adanie zam\u00f3wie\u0144 przez Klienta <br>na Produkty znajduj\u0105ce si\u0119 w asortymencie Sklepu mo\u017cliwe jest albo po za\u0142o\u017ceniu Konta zgodnie <br>z postanowieniami \u00a7 6 Regulaminu albo przez podanie niezb\u0119dnych danych osobowych i adresowych umo\u017cliwiaj\u0105cych realizacj\u0119 Zam\u00f3wienia bez zak\u0142adania Konta.<br><\/li>\n\n\n\n<li>Ceny podane w Sklepie s\u0105 podane w polskich z\u0142otych, s\u0105 cenami brutto i uwzgl\u0119dniaj\u0105 podatek <br>VAT 23%.<br><\/li>\n\n\n\n<li>Oferowane w Sklepie internetowym produkty s\u0105 nowe i wolne od wad, za wyj\u0105tkiem produkt\u00f3w oznaczonych czyteln\u0105 adnotacj\u0105 w opisie produktu.<\/li>\n<\/ol>\n\n\n\n<h4 class=\"wp-block-heading has-text-align-center\"><strong>\u00a7 6<br>Zasady sk\u0142adania zam\u00f3wienia<\/strong><\/h4>\n\n\n\n<ol class=\"wp-block-list\">\n<li>W celu z\u0142o\u017cenia Zam\u00f3wienia nale\u017cy:<br>a. wybra\u0107 Produkt b\u0119d\u0105cy przedmiotem Zam\u00f3wienia, a nast\u0119pnie klikn\u0105\u0107 przycisk \u201eDo koszyka\u201d;<br>b. w celu zam\u00f3wienia nie ma potrzeby rejestracji;<br>c. wype\u0142ni\u0107 Formularz zam\u00f3wienia poprzez wpisanie danych odbiorcy Zam\u00f3wienia oraz adresu, <br>na kt\u00f3ry ma nast\u0105pi\u0107 dostawa Produktu, wybra\u0107 rodzaj przesy\u0142ki (spos\u00f3b dostarczenia Produktu), wpisa\u0107 dane do faktury, je\u015bli s\u0105 inne ni\u017c dane odbiorcy Zam\u00f3wienia,<br>d. klikn\u0105\u0107 przycisk \u201cZamawiam i p\u0142ac\u0119\u201d klikn\u0105\u0107 przycisk \u201cZamawiam i p\u0142ac\u0119\u201d oraz potwierdzi\u0107 zam\u00f3wienie, klikaj\u0105c w link przes\u0142any w wiadomo\u015bci e-mail,<br>e. wybra\u0107 jeden z dost\u0119pnych sposob\u00f3w p\u0142atno\u015bci i w zale\u017cno\u015bci od sposobu p\u0142atno\u015bci, op\u0142aci\u0107 zam\u00f3wienie w okre\u015blonym terminie, z zastrze\u017ceniem \u00a7 8 pkt 3.<\/li>\n<\/ol>\n\n\n\n<h4 class=\"wp-block-heading has-text-align-center\"><strong>\u00a7 7<br>Oferowane metody dostawy oraz p\u0142atno\u015bci<\/strong><\/h4>\n\n\n\n<ol class=\"wp-block-list\">\n<li>Klient mo\u017ce skorzysta\u0107 z nast\u0119puj\u0105cych metod dostawy lub odbioru zam\u00f3wionego Produktu:<br>a. przesy\u0142ka kurierska przedp\u0142acona,<br>b. inne oferowane w Sklepie formy dostawy.<br><\/li>\n\n\n\n<li>Klient mo\u017ce skorzysta\u0107 z nast\u0119puj\u0105cych metod p\u0142atno\u015bci:<br>a. p\u0142atno\u015b\u0107 przelewem na konto Sprzedawcy,<br>b. p\u0142atno\u015bci elektroniczne,<br>c. p\u0142atno\u015b\u0107 kart\u0105 p\u0142atnicz\u0105.<br><\/li>\n\n\n\n<li>Szczeg\u00f3\u0142owe informacje na temat metod dostawy oraz akceptowalnych metod p\u0142atno\u015bci znajduj\u0105 si\u0119 na stronach Sklepu.<\/li>\n<\/ol>\n\n\n\n<h4 class=\"wp-block-heading has-text-align-center\"><strong>\u00a7 8<\/strong><br><strong>Wykonanie umowy sprzeda\u017cy<\/strong><\/h4>\n\n\n\n<ol class=\"wp-block-list\">\n<li>Zawarcie Umowy Sprzeda\u017cy mi\u0119dzy Klientem a Sprzedawc\u0105 nast\u0119puje po uprzednim z\u0142o\u017ceniu przez Klienta Zam\u00f3wienia za pomoc\u0105 Formularza zam\u00f3wienia w Sklepie internetowym zgodnie z \u00a7 7 Regulaminu.<br><\/li>\n\n\n\n<li>Po z\u0142o\u017ceniu Zam\u00f3wienia Sprzedawca niezw\u0142ocznie potwierdza jego otrzymanie oraz jednocze\u015bnie przyjmuje Zam\u00f3wienie do realizacji. Potwierdzenie otrzymania Zam\u00f3wienia i jego przyj\u0119cie do realizacji nast\u0119puje poprzez przes\u0142anie przez Sprzedawc\u0119 Klientowi stosownej wiadomo\u015bci e-mail na podany w trakcie sk\u0142adania Zam\u00f3wienia adres poczty elektronicznej Klienta, kt\u00f3ra zawiera co najmniej o\u015bwiadczenia Sprzedawcy o otrzymaniu Zam\u00f3wienia i o jego przyj\u0119ciu do realizacji oraz potwierdzenie zawarcia Umowy Sprzeda\u017cy. Z chwil\u0105 otrzymania przez Klienta powy\u017cszej wiadomo\u015bci e-mail zostaje zawarta Umowa Sprzeda\u017cy mi\u0119dzy Klientem a Sprzedawc\u0105.<br><\/li>\n\n\n\n<li>W przypadku wyboru przez Klienta:<br>a. p\u0142atno\u015bci przelewem, p\u0142atno\u015bci elektronicznych albo p\u0142atno\u015bci kart\u0105 p\u0142atnicz\u0105, Klient obowi\u0105zany jest do dokonania p\u0142atno\u015bci w terminie 2 dni kalendarzowych od dnia zawarcia Umowy Sprzeda\u017cy \u2013 w przeciwnym razie zam\u00f3wienie zostanie anulowane.<br>b. p\u0142atno\u015bci got\u00f3wk\u0105 przy odbiorze osobistym przesy\u0142ki, Klient obowi\u0105zany jest dokona\u0107 p\u0142atno\u015bci przy odbiorze przesy\u0142ki.<br>c. produkt zostanie wys\u0142any przez Sprzedawc\u0119 w terminie wskazanym w jego opisie (z zastrze\u017ceniem ust\u0119pu 5 niniejszego paragrafu), w spos\u00f3b wybrany przez Klienta podczas sk\u0142adania Zam\u00f3wienia.<br><\/li>\n\n\n\n<li>Terminy dostawy:<br>a. w przypadku zam\u00f3wienia Produkt\u00f3w o r\u00f3\u017cnych terminach dostawy, terminem dostawy jest najd\u0142u\u017cszy podany termin.<br>b. w przypadku zam\u00f3wienia Produkt\u00f3w o r\u00f3\u017cnych terminach dostawy, Klient ma mo\u017cliwo\u015b\u0107 \u017c\u0105dania dostarczenia Produkt\u00f3w cz\u0119\u015bciami lub te\u017c dostarczenia wszystkich Produkt\u00f3w po skompletowaniu ca\u0142ego zam\u00f3wienia.<br><\/li>\n\n\n\n<li>Pocz\u0105tek biegu terminu dostawy Produktu do Klienta liczy si\u0119 w nast\u0119puj\u0105cy spos\u00f3b:<br>a. w przypadku wyboru przez Klienta sposobu p\u0142atno\u015bci przelewem, p\u0142atno\u015bci elektroniczne lub kart\u0105 p\u0142atnicz\u0105 \u2013 od dnia uznania rachunku bankowego Sprzedawcy;<br><\/li>\n\n\n\n<li>Dostawa Produktu odbywa si\u0119 wy\u0142\u0105cznie na terenie Polski. <\/li>\n\n\n\n<li>Wysy\u0142ka poza granice Polski jest mo\u017cliwa po wcze\u015bniejszym ustaleniu mailowym oraz pokryciu koszt\u00f3w przesy\u0142ki zagranicznej.<\/li>\n<\/ol>\n\n\n\n<h4 class=\"wp-block-heading has-text-align-center\"><strong>\u00a7 9<\/strong><br><strong>Prawo odst\u0105pienia od umowy<\/strong><\/h4>\n\n\n\n<ol class=\"wp-block-list\">\n<li>Konsument mo\u017ce w terminie 14 dni odst\u0105pi\u0107 od Umowy Sprzeda\u017cy bez podania jakiejkolwiek przyczyny.<br><\/li>\n\n\n\n<li>Bieg terminu okre\u015blonego w ust. 1 rozpoczyna si\u0119 od dostarczenia Produktu Konsumentowi lub wskazanej przez niego osobie innej ni\u017c przewo\u017anik.<br><\/li>\n\n\n\n<li>W przypadku Umowy, kt\u00f3ra obejmuje wiele Produkt\u00f3w, kt\u00f3re s\u0105 dostarczane osobno, partiami lub w cz\u0119\u015bciach, termin wskazany w ust. 1 biegnie od dostawy ostatniej rzeczy, partii lub cz\u0119\u015bci.<br><\/li>\n\n\n\n<li>Konsument mo\u017ce odst\u0105pi\u0107 od Umowy, sk\u0142adaj\u0105c Sprzedawcy o\u015bwiadczenie o odst\u0105pieniu od Umowy. Do zachowania terminu odst\u0105pienia od Umowy wystarczy wys\u0142anie przez Konsumenta o\u015bwiadczenia przed up\u0142ywem tego terminu.<br><\/li>\n\n\n\n<li>O\u015bwiadczenie mo\u017ce by\u0107 wys\u0142ane za pomoc\u0105 tradycyjnej poczty b\u0105d\u017a drog\u0105 elektroniczn\u0105 poprzez przes\u0142anie o\u015bwiadczenia na adres e-mail Sprzedawcy \u2013 dane kontaktowe Sprzedawcy zosta\u0142y okre\u015blone w \u00a7 3. O\u015bwiadczenie mo\u017cna z\u0142o\u017cy\u0107 r\u00f3wnie\u017c na formularzu, kt\u00f3rego wz\u00f3r stanowi za\u0142\u0105cznik nr 1 do niniejszego Regulaminu oraz za\u0142\u0105cznik do ustawy z dnia 30 maja 2014 roku o prawach konsumenta, jednak nie jest to obowi\u0105zkowe.<br><\/li>\n\n\n\n<li>W przypadku przes\u0142ania o\u015bwiadczenia przez Konsumenta drog\u0105 elektroniczn\u0105, Sprzedawca niezw\u0142ocznie prze\u015ble Konsumentowi na podany przez Konsumenta adres e-mail potwierdzenie otrzymania o\u015bwiadczenia o odst\u0105pieniu od Umowy.<br><\/li>\n\n\n\n<li>Skutki odst\u0105pienia od Umowy:<br>a. w przypadku odst\u0105pienia od Umowy zawartej na odleg\u0142o\u015b\u0107 Umow\u0119 uwa\u017ca si\u0119 za niezawart\u0105.<br>b. w przypadku odst\u0105pienia od Umowy Sprzedawca zwraca Konsumentowi niezw\u0142ocznie, nie p\u00f3\u017aniej ni\u017c w terminie 14 dni od dnia otrzymania o\u015bwiadczenia Konsumenta o odst\u0105pieniu od Umowy, dokonane przez niego p\u0142atno\u015bci bez poniesionych koszt\u00f3w wysy\u0142ki zwrotnej.<br>c. zwrotu p\u0142atno\u015bci Sprzedawca dokona przy u\u017cyciu takich samych metod p\u0142atno\u015bci, jakie zosta\u0142y przez Konsumenta u\u017cyte w pierwotnej transakcji, chyba \u017ce Konsument zgodzi\u0142 si\u0119 na inne rozwi\u0105zanie, kt\u00f3re nie b\u0119dzie si\u0119 wi\u0105za\u0142o dla niego z \u017cadnymi kosztami.<br>d. Sprzedawca mo\u017ce wstrzyma\u0107 si\u0119 ze zwrotem p\u0142atno\u015bci do czasu otrzymania Produktu z powrotem.<br>e. Konsument powinien odes\u0142a\u0107 Produkt na w\u0142asny koszt na adres Sprzedawcy podany w niniejszym Regulaminie niezw\u0142ocznie, nie p\u00f3\u017aniej ni\u017c 14 dni od dnia, w kt\u00f3rym poinformowa\u0142 Sprzedawc\u0119 o odst\u0105pieniu od Umowy. Termin zostanie zachowany, je\u015bli Konsument ode\u015ble Produkt przed up\u0142ywem terminu 14 dni.<br>f. Konsument ponosi bezpo\u015brednie koszty zwrotu Produktu, niezale\u017cnie od wybranej formy zwrotu. <br>g. Konsument odpowiada tylko za zmniejszenie warto\u015bci Produktu wynikaj\u0105ce z korzystania z niego w spos\u00f3b inny ni\u017c by\u0142o to konieczne do stwierdzenia charakteru, cech i funkcjonowania Produktu.<\/li>\n\n\n\n<li>W wyj\u0105tkowych przypadkach zwrot produktu po uprzednim um\u00f3wieniu i potwierdzeniu mailowym mo\u017ce odby\u0107 si\u0119 osobi\u015bcie pod wskazanym adresem.<\/li>\n\n\n\n<li><strong>Prawo do odst\u0105pienia od umowy zawartej na odleg\u0142o\u015b\u0107 nie przys\u0142uguje Konsumentowi <\/strong><br><strong>w odniesieniu do Umowy:<\/strong><br>a. w kt\u00f3rej przedmiotem \u015bwiadczenia jest rzecz nieprefabrykowana, wyprodukowana specjalnie wed\u0142ug specyfikacji Konsumenta na jego zam\u00f3wienie lub s\u0142u\u017c\u0105ca zaspokojeniu jego zindywidualizowanych potrzeb,<br>b. w kt\u00f3rej przedmiotem \u015bwiadczenia jest rzecz dostarczana w zapiecz\u0119towanym opakowaniu, kt\u00f3rej po otwarciu opakowania nie mo\u017cna zwr\u00f3ci\u0107 ze wzgl\u0119du na ochron\u0119 zdrowia lub ze wzgl\u0119d\u00f3w higienicznych, je\u017celi opakowanie zosta\u0142o otwarte po dostarczeniu,<br>c. o \u015bwiadczenie us\u0142ug, je\u017celi Sprzedawca wykona\u0142 w pe\u0142ni us\u0142ug\u0119 za wyra\u017an\u0105 zgod\u0105 Konsumenta, kt\u00f3ry zosta\u0142 poinformowany przez rozpocz\u0119ciem \u015bwiadczenia, \u017ce po spe\u0142nieniu \u015bwiadczenia przez Sprzedawc\u0119 utraci prawo odst\u0105pienia od Umowy,<br>d. w kt\u00f3rym cena lub wynagrodzenie zale\u017cy od waha\u0144 na rynku finansowym, nad kt\u00f3rym Sprzedawca nie sprawuje kontroli, i kt\u00f3re mog\u0105 wyst\u0105pi\u0107 przed up\u0142ywem terminu do odst\u0105pienia od Umowy,<br>e. w kt\u00f3rej przedmiotem \u015bwiadczenia s\u0105 rzeczy, kt\u00f3re po dostarczeniu, ze wzgl\u0119du na sw\u00f3j charakter, zostaj\u0105 nieroz\u0142\u0105cznie po\u0142\u0105czone z innymi rzeczami,<br>f. o dostarczenie tre\u015bci cyfrowych, kt\u00f3re nie s\u0105 zapisane na no\u015bniku materialnym, je\u017celi spe\u0142nianie \u015bwiadczenia rozpocz\u0119\u0142o si\u0119 za wyra\u017an\u0105 zgod\u0105 Konsumenta przed up\u0142ywem terminu do odst\u0105pienia <br>od umowy i po poinformowaniu go przez Sprzedawc\u0119 o utracie prawa odst\u0105pienia od Umowy,<\/li>\n<\/ol>\n\n\n\n<h4 class=\"wp-block-heading has-text-align-center\"><strong>\u00a7 10<\/strong><br><strong>Reklamacja i gwarancja<\/strong><\/h4>\n\n\n\n<ol class=\"wp-block-list\">\n<li>Umow\u0105 Sprzeda\u017cy obj\u0119te s\u0105 nowe Produkty &#8211; Totemy.<br><\/li>\n\n\n\n<li>W przypadku wyst\u0105pienia wady zakupionego u Sprzedawcy towaru Klient ma prawo do reklamacji <br>w oparciu o przepisy dotycz\u0105ce r\u0119kojmi w kodeksie cywilnym.<br><\/li>\n\n\n\n<li>Reklamacj\u0119 nale\u017cy zg\u0142osi\u0107 pisemnie lub drog\u0105 elektroniczn\u0105 na podane w niniejszym Regulaminie adresy Sprzedawcy.<br><\/li>\n\n\n\n<li>Sprzedawca ustosunkuje si\u0119 do \u017c\u0105dania reklamacyjnego niezw\u0142ocznie, nie p\u00f3\u017aniej ni\u017c w terminie 14 dni, a je\u015bli nie zrobi tego w tym terminie, uwa\u017ca si\u0119, \u017ce \u017c\u0105danie Klienta uzna\u0142 za uzasadnione.<br><\/li>\n\n\n\n<li>Towary (Totemy) odsy\u0142ane w ramach procedury reklamacyjnej nale\u017cy wysy\u0142a\u0107 na adres podany w \u00a7 3 niniejszego Regulaminu.<br><\/li>\n\n\n\n<li>Ze wzgl\u0119du na artystyczny charakter Produktu oraz z uwagi na naturalne cechy drewna, z kt\u00f3rego zrobione s\u0105 Produkty, (Totemy) mog\u0105 wykazywa\u0107 one cechy indywidualne dla ka\u017cdego egzemplarza. Dopuszczalne s\u0105 niewielkie nier\u00f3wno\u015bci, drobne r\u00f3\u017cnice w wadze, rozmiarze czy kolorze Produktu. Wszystkie Produkty s\u0105 uprzednio selekcjonowane, by trafiaj\u0105c do sprzeda\u017cy by\u0142y estetyczne i spe\u0142nia\u0142y oczekiwania Klienta.<\/li>\n<\/ol>\n\n\n\n<h4 class=\"wp-block-heading has-text-align-center\"><strong>\u00a7 11<br>Pozas\u0105dowe sposoby rozpatrywania reklamacji<br>i dochodzenia roszcze\u0144<\/strong><\/h4>\n\n\n\n<ol class=\"wp-block-list\">\n<li>Szczeg\u00f3\u0142owe informacje dotycz\u0105ce mo\u017cliwo\u015bci skorzystania przez Konsumenta z pozas\u0105dowych sposob\u00f3w rozpatrywania reklamacji i dochodzenia roszcze\u0144 oraz zasady dost\u0119pu do tych procedur dost\u0119pne s\u0105 w siedzibach oraz na stronach internetowych powiatowych (miejskich) rzecznik\u00f3w konsument\u00f3w, organizacji spo\u0142ecznych, do kt\u00f3rych zada\u0144 statutowych nale\u017cy ochrona konsument\u00f3w, Wojew\u00f3dzkich Inspektorat\u00f3w Inspekcji Handlowej oraz pod nast\u0119puj\u0105cymi adresami internetowymi Urz\u0119du Ochrony Konkurencji i Konsument\u00f3w: http:\/\/www.uokik.gov.pl\/spory_konsumenckie.php; http:\/\/www.uokik.gov.pl\/sprawy_indywidualne.php oraz http:\/\/www.uokik.gov.pl\/wazne_adresy.php.<br><\/li>\n\n\n\n<li>Konsument posiada nast\u0119puj\u0105ce przyk\u0142adowe mo\u017cliwo\u015bci skorzystania z pozas\u0105dowych sposob\u00f3w rozpatrywania reklamacji i dochodzenia roszcze\u0144:<br>a. Konsument uprawniony jest do zwr\u00f3cenia si\u0119 do sta\u0142ego polubownego s\u0105du konsumenckiego, o kt\u00f3rym mowa w art. 37 ustawy z dnia 15 grudnia 2000 r. o Inspekcji Handlowej (Dz.U. z 2014 r. poz. 148 z p\u00f3\u017an. zm.), z wnioskiem o rozstrzygni\u0119cie sporu wynik\u0142ego z Umowy zawartej ze Sprzedawc\u0105.<br>b. Konsument uprawniony jest do zwr\u00f3cenia si\u0119 do wojew\u00f3dzkiego inspektora Inspekcji Handlowej, zgodnie z art. 36 ustawy z dnia 15 grudnia 2000 r. o Inspekcji Handlowej (Dz.U. z 2014 r. poz. 148 z p\u00f3\u017an. zm.), z wnioskiem o wszcz\u0119cie post\u0119powania mediacyjnego w sprawie polubownego zako\u0144czenia sporu mi\u0119dzy Konsumentem a Sprzedawc\u0105.<br>c. Konsument mo\u017ce uzyska\u0107 bezp\u0142atn\u0105 pomoc w sprawie rozstrzygni\u0119cia sporu mi\u0119dzy nim a Sprzedawc\u0105, korzystaj\u0105c tak\u017ce z bezp\u0142atnej pomocy powiatowego (miejskiego) rzecznika konsument\u00f3w lub organizacji spo\u0142ecznej, do kt\u00f3rej zada\u0144 statutowych nale\u017cy ochrona konsument\u00f3w (m.in. Federacja Konsument\u00f3w, Stowarzyszenie Konsument\u00f3w Polskich).<\/li>\n<\/ol>\n\n\n\n<h4 class=\"wp-block-heading has-text-align-center\"><strong><br>Postanowienia ko\u0144cowe<\/strong><\/h4>\n\n\n\n<ol class=\"wp-block-list\">\n<li>Umowy zawierane poprzez Sklep internetowy zawierane s\u0105 w j\u0119zyku polskim.<br><\/li>\n\n\n\n<li>Sprzedawca zastrzega sobie prawo do dokonywania zmian Regulaminu z wa\u017cnych przyczyn to jest: zmiany przepis\u00f3w prawa, zmiany sposob\u00f3w p\u0142atno\u015bci i dostaw \u2013 w zakresie, w jakim te zmiany wp\u0142ywaj\u0105 na realizacj\u0119 postanowie\u0144 niniejszego Regulaminu. O ka\u017cdej zmianie Sprzedawca poinformuje Klienta z co najmniej 7 dniowym wyprzedzeniem.<br><\/li>\n\n\n\n<li>W sprawach nieuregulowanych w niniejszym Regulaminie maj\u0105 zastosowanie powszechnie obowi\u0105zuj\u0105ce przepisy prawa polskiego, w szczeg\u00f3lno\u015bci: Kodeksu cywilnego; ustawy o \u015bwiadczeniu us\u0142ug drog\u0105 elektroniczn\u0105; ustawy o prawach konsumenta, ustawy o ochronie danych osobowych.<br><\/li>\n\n\n\n<li>Klient ma prawo skorzysta\u0107 z pozas\u0105dowych sposob\u00f3w rozpatrywania reklamacji i dochodzenia roszcze\u0144. W tym celu mo\u017ce z\u0142o\u017cy\u0107 skarg\u0119 za po\u015brednictwem unijnej platformy internetowej ODR dost\u0119pnej pod adresem: http:\/\/ec.europa.eu\/consumers\/odr\/ .<\/li>\n<\/ol>\n","protected":false},"excerpt":{"rendered":"<p>Wunderkamera Kajetan Ernest Wi\u0144czykul. Saska,&nbsp;nr&nbsp;72,&nbsp;lok.&nbsp;3&nbsp;03-914 WarszawaNIP 9562232619REGON: 362071577 Je\u015bli chcesz do nas napisa\u0107, \u015bmia\u0142o tutaj \u2014&gt; hello.totemstudio@gmail.com Mi\u0142ych totemowych zakup\u00f3w!Totem Studio Warsaw &nbsp;\ud83d\udfe1\ud83d\udd36\ud83d\udfea\ud83d\udd3a\u25aa\ufe0f&nbsp;\ud83d\udfe1\ud83d\udd36\ud83d\udfea\ud83d\udd3a\u25aa\ufe0f&nbsp;\ud83d\udfe1\ud83d\udd36\ud83d\udfea\ud83d\udd3a\u25aa\ufe0f Regulamin sklepu internetowegototemstudiowarsaw.com \u00a7 1Postanowienia wst\u0119pne \u00a7 2Definicje \u00a7 3Kontakt ze Sklepem \u00a7 4Wymagania techniczne \u00a7 5Informacje og\u00f3lne \u00a7 6Zasady sk\u0142adania zam\u00f3wienia \u00a7 7Oferowane metody dostawy oraz p\u0142atno\u015bci \u00a7 8Wykonanie umowy sprzeda\u017cy [&hellip;]<\/p>\n","protected":false},"author":1,"featured_media":0,"parent":0,"menu_order":0,"comment_status":"closed","ping_status":"closed","template":"","meta":{"inline_featured_image":false,"footnotes":""},"class_list":["post-123","page","type-page","status-publish","hentry"],"_links":{"self":[{"href":"https:\/\/totemstudiowarsaw.com\/index.php\/wp-json\/wp\/v2\/pages\/123","targetHints":{"allow":["GET"]}}],"collection":[{"href":"https:\/\/totemstudiowarsaw.com\/index.php\/wp-json\/wp\/v2\/pages"}],"about":[{"href":"https:\/\/totemstudiowarsaw.com\/index.php\/wp-json\/wp\/v2\/types\/page"}],"author":[{"embeddable":true,"href":"https:\/\/totemstudiowarsaw.com\/index.php\/wp-json\/wp\/v2\/users\/1"}],"replies":[{"embeddable":true,"href":"https:\/\/totemstudiowarsaw.com\/index.php\/wp-json\/wp\/v2\/comments?post=123"}],"version-history":[{"count":22,"href":"https:\/\/totemstudiowarsaw.com\/index.php\/wp-json\/wp\/v2\/pages\/123\/revisions"}],"predecessor-version":[{"id":672,"href":"https:\/\/totemstudiowarsaw.com\/index.php\/wp-json\/wp\/v2\/pages\/123\/revisions\/672"}],"wp:attachment":[{"href":"https:\/\/totemstudiowarsaw.com\/index.php\/wp-json\/wp\/v2\/media?parent=123"}],"curies":[{"name":"wp","href":"https:\/\/api.w.org\/{rel}","templated":true}]}}